{"id":1979,"date":"2019-02-08T12:14:57","date_gmt":"2019-02-08T12:14:57","guid":{"rendered":"http:\/\/nerjaliving.es\/?page_id=1979"},"modified":"2023-01-26T09:34:43","modified_gmt":"2023-01-26T08:34:43","slug":"informacion-sobre-reservas","status":"publish","type":"page","link":"https:\/\/nerjaliving.com\/es\/informacion-sobre-reservas\/","title":{"rendered":"INFORMACI\u00d3N SOBRE RESERVAS"},"content":{"rendered":"<p>Una vez hecha la reserva, le enviaremos un contrato de alquiler y dos facturas. Debe leer y aprobar el contrato de alquiler y, a continuaci\u00f3n, escanearlo o enviarlo por correo en un plazo de diez d\u00edas.<\/p>\n<p>La primera factura se abonar\u00e1 el 20% del precio total, es decir, una reserva definitiva en un plazo de diez d\u00edas, la factura n\u00famero dos se abonar\u00e1 como muy tarde unas 4 semanas antes de la llegada.<\/p>\n<p><strong>Si necesita cancelar la reserva del apartamento, se aplica lo siguiente:<\/strong><\/p>\n<ul>\n<li>Se reembolsar\u00e1 el 100% del importe del alquiler (una vez deducidos los gastos de reserva) si el inquilino cancela 45 d\u00edas antes de la llegada *.<\/li>\n<li>Se reembolsar\u00e1 el 75 % del alquiler (previa deducci\u00f3n de los gastos de reserva) si el inquilino cancela 30 d\u00edas antes de la llegada *.<\/li>\n<li>Se reembolsar\u00e1 el 50 % del importe del alquiler (previa deducci\u00f3n de los gastos de reserva) si el inquilino cancela 21 d\u00edas antes de la llegada *.<\/li>\n<li>Se reembolsar\u00e1 el 25% del importe del alquiler (una vez deducidos los gastos de reserva) si el inquilino cancela 14 d\u00edas antes de la llegada **.<\/li>\n<li>* El importe de la reserva no es reembolsable en caso de cancelaci\u00f3n.<\/li>\n<\/ul>\n<p>** Si la cancelaci\u00f3n se produce m\u00e1s tarde de 14 d\u00edas antes de la llegada, el inquilino paga el importe total del alquiler. Si la cancelaci\u00f3n se produce (m\u00e1s tarde de 14 d\u00edas antes de la llegada) debido, por ejemplo, a una enfermedad, deber\u00e1 demostrarse mediante un certificado m\u00e9dico expedido por un m\u00e9dico colegiado. Si se puede presentar dicho certificado, se reembolsar\u00e1 al inquilino el 80% del alquiler.<\/p>\n<p>Para reservar con nosotros, tenemos un l\u00edmite de edad de 30 a\u00f1os (los ni\u00f1os de la familia son por supuesto bienvenidos).No tenemos d\u00edas fijos de la semana para reservas m\u00ednimo es una semana.El inquilino tiene acceso al apartamento\/casa el d\u00eda de llegada a partir de las 15.00 y debe dejar el apartamento\/casa no m\u00e1s tarde de las 11.00 el d\u00eda de salida. De acuerdo con la nueva ley en Espa\u00f1a a partir de junio de 2016, todos los inquilinos deben traer una copia de su pasaporte que usted da al gerente de alquiler en Nerja Living a su llegada, entonces usted tambi\u00e9n recibir\u00e1 la llave de la casa \/ apartamento.<\/p>\n<p>La fianza es obligatoria y se devolver\u00e1 si la vivienda se encuentra en las mismas condiciones que cuando se inici\u00f3 el alquiler.<\/p>\n","protected":false},"excerpt":{"rendered":"<p>Una vez hecha la reserva, le enviaremos un contrato de alquiler y dos facturas. Debe leer y aprobar el contrato de alquiler y, a continuaci\u00f3n, escanearlo o enviarlo por correo en un plazo de diez d\u00edas. La primera factura se abonar\u00e1 el 20% del precio total, es decir, una reserva definitiva en un plazo de [&hellip;]<\/p>\n","protected":false},"author":1,"featured_media":0,"parent":0,"menu_order":0,"comment_status":"closed","ping_status":"closed","template":"","meta":{"footnotes":""},"coauthors":[198],"class_list":["post-1979","page","type-page","status-publish","hentry"],"yoast_head":"<!-- This site is optimized with the Yoast SEO plugin v26.7 - https:\/\/yoast.com\/wordpress\/plugins\/seo\/ -->\n<title>INFORMACI\u00d3N SOBRE RESERVAS - Nerjaliving<\/title>\n<meta name=\"robots\" content=\"index, follow, max-snippet:-1, max-image-preview:large, max-video-preview:-1\" \/>\n<link rel=\"canonical\" href=\"https:\/\/nerjaliving.com\/es\/informacion-sobre-reservas\/\" \/>\n<meta property=\"og:locale\" content=\"es_ES\" \/>\n<meta property=\"og:type\" content=\"article\" \/>\n<meta property=\"og:title\" content=\"INFORMACI\u00d3N SOBRE RESERVAS - Nerjaliving\" \/>\n<meta property=\"og:description\" content=\"Una vez hecha la reserva, le enviaremos un contrato de alquiler y dos facturas. Debe leer y aprobar el contrato de alquiler y, a continuaci\u00f3n, escanearlo o enviarlo por correo en un plazo de diez d\u00edas. La primera factura se abonar\u00e1 el 20% del precio total, es decir, una reserva definitiva en un plazo de [&hellip;]\" \/>\n<meta property=\"og:url\" content=\"https:\/\/nerjaliving.com\/es\/informacion-sobre-reservas\/\" \/>\n<meta property=\"og:site_name\" content=\"Nerjaliving\" \/>\n<meta property=\"article:modified_time\" content=\"2023-01-26T08:34:43+00:00\" \/>\n<meta name=\"twitter:card\" content=\"summary_large_image\" \/>\n<meta name=\"twitter:label1\" content=\"Tiempo de lectura\" \/>\n\t<meta name=\"twitter:data1\" content=\"2 minutos\" \/>\n\t<meta name=\"twitter:label2\" content=\"Written by\" \/>\n\t<meta name=\"twitter:data2\" content=\"nerjaliving\" \/>\n<script type=\"application\/ld+json\" class=\"yoast-schema-graph\">{\"@context\":\"https:\/\/schema.org\",\"@graph\":[{\"@type\":\"WebPage\",\"@id\":\"https:\/\/nerjaliving.com\/es\/informacion-sobre-reservas\/\",\"url\":\"https:\/\/nerjaliving.com\/es\/informacion-sobre-reservas\/\",\"name\":\"INFORMACI\u00d3N SOBRE RESERVAS - Nerjaliving\",\"isPartOf\":{\"@id\":\"https:\/\/nerjaliving.com\/#website\"},\"datePublished\":\"2019-02-08T12:14:57+00:00\",\"dateModified\":\"2023-01-26T08:34:43+00:00\",\"breadcrumb\":{\"@id\":\"https:\/\/nerjaliving.com\/es\/informacion-sobre-reservas\/#breadcrumb\"},\"inLanguage\":\"es\",\"potentialAction\":[{\"@type\":\"ReadAction\",\"target\":[\"https:\/\/nerjaliving.com\/es\/informacion-sobre-reservas\/\"]}]},{\"@type\":\"BreadcrumbList\",\"@id\":\"https:\/\/nerjaliving.com\/es\/informacion-sobre-reservas\/#breadcrumb\",\"itemListElement\":[{\"@type\":\"ListItem\",\"position\":1,\"name\":\"Portada\",\"item\":\"https:\/\/nerjaliving.com\/es\/\"},{\"@type\":\"ListItem\",\"position\":2,\"name\":\"INFORMACI\u00d3N SOBRE RESERVAS\"}]},{\"@type\":\"WebSite\",\"@id\":\"https:\/\/nerjaliving.com\/#website\",\"url\":\"https:\/\/nerjaliving.com\/\",\"name\":\"Nerjaliving\",\"description\":\"Just another WordPress site\",\"potentialAction\":[{\"@type\":\"SearchAction\",\"target\":{\"@type\":\"EntryPoint\",\"urlTemplate\":\"https:\/\/nerjaliving.com\/?s={search_term_string}\"},\"query-input\":{\"@type\":\"PropertyValueSpecification\",\"valueRequired\":true,\"valueName\":\"search_term_string\"}}],\"inLanguage\":\"es\"}]}<\/script>\n<!-- \/ Yoast SEO plugin. -->","yoast_head_json":{"title":"INFORMACI\u00d3N SOBRE RESERVAS - Nerjaliving","robots":{"index":"index","follow":"follow","max-snippet":"max-snippet:-1","max-image-preview":"max-image-preview:large","max-video-preview":"max-video-preview:-1"},"canonical":"https:\/\/nerjaliving.com\/es\/informacion-sobre-reservas\/","og_locale":"es_ES","og_type":"article","og_title":"INFORMACI\u00d3N SOBRE RESERVAS - Nerjaliving","og_description":"Una vez hecha la reserva, le enviaremos un contrato de alquiler y dos facturas. Debe leer y aprobar el contrato de alquiler y, a continuaci\u00f3n, escanearlo o enviarlo por correo en un plazo de diez d\u00edas. La primera factura se abonar\u00e1 el 20% del precio total, es decir, una reserva definitiva en un plazo de [&hellip;]","og_url":"https:\/\/nerjaliving.com\/es\/informacion-sobre-reservas\/","og_site_name":"Nerjaliving","article_modified_time":"2023-01-26T08:34:43+00:00","twitter_card":"summary_large_image","twitter_misc":{"Tiempo de lectura":"2 minutos","Written by":"nerjaliving"},"schema":{"@context":"https:\/\/schema.org","@graph":[{"@type":"WebPage","@id":"https:\/\/nerjaliving.com\/es\/informacion-sobre-reservas\/","url":"https:\/\/nerjaliving.com\/es\/informacion-sobre-reservas\/","name":"INFORMACI\u00d3N SOBRE RESERVAS - Nerjaliving","isPartOf":{"@id":"https:\/\/nerjaliving.com\/#website"},"datePublished":"2019-02-08T12:14:57+00:00","dateModified":"2023-01-26T08:34:43+00:00","breadcrumb":{"@id":"https:\/\/nerjaliving.com\/es\/informacion-sobre-reservas\/#breadcrumb"},"inLanguage":"es","potentialAction":[{"@type":"ReadAction","target":["https:\/\/nerjaliving.com\/es\/informacion-sobre-reservas\/"]}]},{"@type":"BreadcrumbList","@id":"https:\/\/nerjaliving.com\/es\/informacion-sobre-reservas\/#breadcrumb","itemListElement":[{"@type":"ListItem","position":1,"name":"Portada","item":"https:\/\/nerjaliving.com\/es\/"},{"@type":"ListItem","position":2,"name":"INFORMACI\u00d3N SOBRE RESERVAS"}]},{"@type":"WebSite","@id":"https:\/\/nerjaliving.com\/#website","url":"https:\/\/nerjaliving.com\/","name":"Nerjaliving","description":"Just another WordPress site","potentialAction":[{"@type":"SearchAction","target":{"@type":"EntryPoint","urlTemplate":"https:\/\/nerjaliving.com\/?s={search_term_string}"},"query-input":{"@type":"PropertyValueSpecification","valueRequired":true,"valueName":"search_term_string"}}],"inLanguage":"es"}]}},"_links":{"self":[{"href":"https:\/\/nerjaliving.com\/es\/wp-json\/wp\/v2\/pages\/1979","targetHints":{"allow":["GET"]}}],"collection":[{"href":"https:\/\/nerjaliving.com\/es\/wp-json\/wp\/v2\/pages"}],"about":[{"href":"https:\/\/nerjaliving.com\/es\/wp-json\/wp\/v2\/types\/page"}],"author":[{"embeddable":true,"href":"https:\/\/nerjaliving.com\/es\/wp-json\/wp\/v2\/users\/1"}],"replies":[{"embeddable":true,"href":"https:\/\/nerjaliving.com\/es\/wp-json\/wp\/v2\/comments?post=1979"}],"version-history":[{"count":4,"href":"https:\/\/nerjaliving.com\/es\/wp-json\/wp\/v2\/pages\/1979\/revisions"}],"predecessor-version":[{"id":6135,"href":"https:\/\/nerjaliving.com\/es\/wp-json\/wp\/v2\/pages\/1979\/revisions\/6135"}],"wp:attachment":[{"href":"https:\/\/nerjaliving.com\/es\/wp-json\/wp\/v2\/media?parent=1979"}],"wp:term":[{"taxonomy":"author","embeddable":true,"href":"https:\/\/nerjaliving.com\/es\/wp-json\/wp\/v2\/coauthors?post=1979"}],"curies":[{"name":"wp","href":"https:\/\/api.w.org\/{rel}","templated":true}]}}